{"id":205,"date":"2025-12-21T09:23:38","date_gmt":"2025-12-21T08:23:38","guid":{"rendered":"https:\/\/ferienhaus-zwutschgerl.at\/?page_id=205"},"modified":"2026-01-06T18:53:30","modified_gmt":"2026-01-06T17:53:30","slug":"aktivitaeten-und-tipps","status":"publish","type":"page","link":"https:\/\/ferienhaus-zwutschgerl.at\/?page_id=205","title":{"rendered":"Aktivit\u00e4ten und Tipps"},"content":{"rendered":"\t\t<div data-elementor-type=\"wp-page\" data-elementor-id=\"205\" class=\"elementor elementor-205\" data-elementor-post-type=\"page\">\n\t\t\t\t<div class=\"elementor-element elementor-element-465e277 e-flex e-con-boxed e-con e-parent\" data-id=\"465e277\" data-element_type=\"container\">\n\t\t\t\t\t<div class=\"e-con-inner\">\n\t\t\t\t\t\t\t<h2 class=\"e-heading-base\"  >\n\t\t\tAktivit\u00e4ten und Tipps\n\t\t<\/h2>\n\t\t\t\t\t<\/div>\n\t\t\t\t<\/div>\n\t\t<div class=\"elementor-element elementor-element-3d3350a e-flex e-con-boxed e-con e-parent\" data-id=\"3d3350a\" data-element_type=\"container\">\n\t\t\t\t\t<div class=\"e-con-inner\">\n\t\t\t\t<div class=\"elementor-element elementor-element-dc1f1f7 elementor-drop-cap-yes elementor-drop-cap-view-default elementor-widget elementor-widget-text-editor\" data-id=\"dc1f1f7\" data-element_type=\"widget\" data-settings=\"{&quot;drop_cap&quot;:&quot;yes&quot;}\" data-widget_type=\"text-editor.default\">\n\t\t\t\t\t\t\t\t\t<p>Was kann man rund um den Traunsee tun?<\/p><ul><li>Wandern und\/oder Bergsteigen<\/li><li>Fahrrad fahren<\/li><li>Schiff- und Bootsfahrten auf dem See,<\/li><li>Seilbahn (Gr\u00fcnberg), Seilbahn (Feuerkogel)<\/li><li>Vielf\u00e4ltige und zum Teil hochkar\u00e4tige Kulturangebote (z. B. Festspielwochen Gmunden, Operettenwochen in Bad Ischl)<\/li><li>Baden<\/li><li>Wassersport<\/li><li>Ausfl\u00fcge ins Innere Salzkammergut (Altaussee, Tauplitzalm, Dachstein \u2026)<\/li><li>Im Winter rodeln, langlaufen und auch Ski fahren (Feuerkogel, Kasberg, kleines Familienskigebiet am Hochlecken)<\/li><\/ul><p>Tipps -Tipps -Tipps<\/p><p><strong>Spazierwege in Altm\u00fcnster (mit und ohne Hund) als Anregung:<\/strong><\/p><ul><li>Bummel zur Seepromenade (Weg durch das W\u00e4ldchen, am Bach entlang, Bundesstra\u00dfe \u00fcberqueren und dann in den Don-Alfonoso-Weg einbiegen \u2026 )<\/li><li>Kleiner Rundweg \u00fcber die \u201eZehn Eichen\u201c \u2013 Anh\u00f6he beim Haus, Feldweg zur Landwirtschaftsschule, rechts halten und dann beim ehemaligen H\u00f6llerwirt nach links einbiegen und dann rechts am Bach entlang \u00fcber kleine Wege hinaufgehen (Orts- Gebirgs- und Seeblick) \u2026<\/li><li>Ortsspaziergang (zum Bahnhof, durch den Tunnel, \u00fcber die Wege am Hang bis zum Bauernhof Herdstatt, dort dann bergab undin den Ort gehen,\u00fcber einen kleinen Wiesenweg nach links in den St\u00fccklbachgraben hinunter. Hier kann man sehr sch\u00f6n den wildromantischen Bachweg entlang hinauf zur halben Grasberganh\u00f6he gehen \u2026 nach ca. 100 Metern nach rechts hinaufgehen zum Kalvarienberg (Aussicht auf den Ort und den See) oder weiter hinaufsteigen zum Gmunderberg<\/li><li>Die Panoramastra\u00dfe hinter dem Bahnhof hinauf bis zur Anh\u00f6he Grasberg gehen (oder weiter bis zum Reschenwirt) mit Aussicht auf den Ort und das Gebirgspanorama<\/li><li>Autofahrt auf den Gmunderberg, alternativ Aufstieg durch den Wald mit vorheriger Anfahrt bis zum Materl (Kurve in der Stra\u00dfe nach Reindlm\u00fchl, hier parken) &#8211; Spektakul\u00e4re Aussicht auf den See von oben<\/li><\/ul><p><strong>Kleine Sammlung von Wanderzielen:<\/strong><\/p><ul><li>Rundweg Offensee (bei Ebensee) \u2013 wundersch\u00f6ner ebener Weg (ca. 1 Stunde)<\/li><li>Langbathseen (bei Ebensee), zwei sehr reizvolle Seen, die einzeln oder im Doppelpack umrundet werden k\u00f6nnen<\/li><li>Aufstieg auf den Sonnstein am fr\u00fchen Morgen (Anstieg von Traunkirchen) \u2013(Bergweg \u2013 keine Wanderung!)<\/li><li>Miesweg unterhalb des Traunsteins, wildromantisch, ca. 1 Stunde, Trittsicherheit erforderlich \u2013 grunds\u00e4tzlich nicht schwierig<\/li><li>Wanderung durch die Kaltenbachwildnis (Ostuferseite des Traunsee) mit tollen Aussichtspunkten, Bergweg im unteren Traunsteinbereich, kleiner Anstieg<\/li><li>Gmunden, Seilbahn auf den Gr\u00fcnberg, voraussichtlich ab Ende M\u00e4rz in Betrieb \u2013 fast ebener Weg bis zum Laudachsee (ca. 1 Stunde)<\/li><li>Zellerlweg (\u00fcber die Elisabethruhe): Anfahrt bis Traunkirchen Bahnhof, hier \u00fcber die Stra\u00dfe bis zur Br\u00fccke, dort dann den kleinen Weg (Einstieg und kurzer Anstieg) hinaufgehen. Der Weg f\u00fchrt durch den Wald (fast eben) mit netten Aussichtspunkten bis Traunkirchen Ort gehen (Ortsbegehung, Seepromenade) \u2013 R\u00fcckfahrt mit dem Bus oder Zug<\/li><li>H\u00f6henwanderweg vom Kronberg (Parkplatz auf der H\u00f6he) zum Almgasthof Schwarz, Kasten 32, 4861 Aurach, T. 0043(0)7622-2012, Dauer ca. 1 Stunde<\/li><li>Feuerkogel (Seilbahn in Ebensee) \u2013 weitgehend ebene Wege auf dem Hochplateau<\/li><\/ul><p><strong>Einige Kulinarische Hinweise<\/strong><\/p><p>Bitte aktuelle \u00d6ffnungszeiten recherchieren bzw. reservieren<\/p><p><strong>\u00a0<\/strong>Altm\u00fcnster<\/p><ul><li>Auszeit, Ebenzweierstr. 4, 4813 Altm\u00fcnster, T. +43-7612-89962<\/li><li>Landgasthof Hocheck, Kalvarienberg 4, 4813 Altm\u00fcnster, T. +43-7612-87461<\/li><li>Reschenwirt, Grasberg 12, 4813 Altm\u00fcnster, T. +43 7618 8371<\/li><li>Speisekammer, Hauptstr. 28, 4813 Altm\u00fcnster, T. +43-6765219422<\/li><li>Berggasthof Urzn, Gmunderberg 91, 4813 Altm\u00fcnster, T. +43-7612-87214<\/li><li>Wirt`z Minsta, Maria-Theresia-Str. 3, 4813 Altm\u00fcnster, T.+43-69912021054<\/li><\/ul><ul><li>Gasth\u00e4user in der n\u00e4heren Umgebung:<\/li><li>Hoisnwirt, Traunsteinstr. 277, 4810 Gmunden, T. +43-7612-77333<\/li><li>Gasthof Gr\u00fcnberg, Traunsteinstr. 109, T. +43-7612-77700<\/li><li>Restaurant Waldesruh, Kohlwehr1, 4694 Ohlsdorf, T. +43-7613-3143<\/li><li>Weinstube Spies, Kirchengasse3, 4810 Gmunden, T. +43-7612-67770<\/li><li>Gasthof Altm\u00fchl, Ohlsdorfer Str. 50, 4810 Gmunden, Z. +43-7612-64262<\/li><li>Landgasthaus Rabl, Rabesberg 42, 4816 Gschwandt bei Gmunden, +43-7612-62620<\/li><li>Wirtshaus Poststube 1327, Ortsplatz 5, 4801 Taunkirchen, T. +43-7617-23070<\/li><li>Gruber Wirt, Seestr.37, 4801 Traunkirchen, T. +43-7617-20604<\/li><\/ul><ul><li>Almgasthof Hochsteinalm, 4801 Traunkirchen, T. +43-664-9875221, entspannt zu erwandern \u00fcber die Forststra\u00dfe, Parkplatz am M\u00fchlbachberg (ca. 60 Minuten Gehweg) &#8211; Montag und Dienstag Ruhetag<\/li><li>Almgasthof Schwarz am Hongar, Kasten 32, 4861 Aurach, T. +43-7662-2012 oder M. +43-6801245604<\/li><\/ul><p><strong>Museen und Kulturelles<\/strong><\/p><ul><li>Kino im Stadttheater Gmunden, 4810 Gmunden, Theatergasse 7<\/li><li>Salzkammergutfestwochen Gmunden, B\u00fcro Theatergasse 10, +43 7612- 70630<\/li><li>Gmundner Keramik, Manufaktur, Shop und Manufakturf\u00fchrung, Keramikstr. 24, 4810 Gmunden<\/li><li>Klo und So \u2013 Klomuseum, Kammerhofgasse 8. 4810 Gmunden<\/li><li>Galerie Schloss Weyer, Meissen Porzellan, 4810 Gmunden, Karl-Josef-von-Frey-Gasse 27<\/li><li>Leh\u00e1r Festival in der Operettenstadt Bad Ischl, B\u00fcro Kurhausstr. 8, 4820 Bad Ischl, T. +43-6132-3839<\/li><\/ul>\t\t\t\t\t\t\t\t<\/div>\n\t\t\t\t\t<\/div>\n\t\t\t\t<\/div>\n\t\t\t\t<\/div>\n\t\t","protected":false},"excerpt":{"rendered":"<p>Aktivit\u00e4ten und Tipps Was kann man rund um den Traunsee tun? Wandern und\/oder Bergsteigen Fahrrad fahren Schiff- und Bootsfahrten auf [&hellip;]<\/p>\n","protected":false},"author":2,"featured_media":0,"parent":0,"menu_order":0,"comment_status":"closed","ping_status":"closed","template":"","meta":{"site-sidebar-layout":"no-sidebar","site-content-layout":"","ast-site-content-layout":"full-width-container","site-content-style":"default","site-sidebar-style":"default","ast-global-header-display":"","ast-banner-title-visibility":"","ast-main-header-display":"","ast-hfb-above-header-display":"","ast-hfb-below-header-display":"","ast-hfb-mobile-header-display":"","site-post-title":"","ast-breadcrumbs-content":"","ast-featured-img":"disabled","footer-sml-layout":"","theme-transparent-header-meta":"","adv-header-id-meta":"","stick-header-meta":"","header-above-stick-meta":"","header-main-stick-meta":"","header-below-stick-meta":"","astra-migrate-meta-layouts":"default","ast-page-background-enabled":"default","ast-page-background-meta":{"desktop":{"background-color":"var(--ast-global-color-5)","background-image":"","background-repeat":"repeat","background-position":"center center","background-size":"auto","background-attachment":"scroll","background-type":"","background-media":"","overlay-type":"","overlay-color":"","overlay-opacity":"","overlay-gradient":""},"tablet":{"background-color":"","background-image":"","background-repeat":"repeat","background-position":"center center","background-size":"auto","background-attachment":"scroll","background-type":"","background-media":"","overlay-type":"","overlay-color":"","overlay-opacity":"","overlay-gradient":""},"mobile":{"background-color":"","background-image":"","background-repeat":"repeat","background-position":"center center","background-size":"auto","background-attachment":"scroll","background-type":"","background-media":"","overlay-type":"","overlay-color":"","overlay-opacity":"","overlay-gradient":""}},"ast-content-background-meta":{"desktop":{"background-color":"var(--ast-global-color-4)","background-image":"","background-repeat":"repeat","background-position":"center center","background-size":"auto","background-attachment":"scroll","background-type":"","background-media":"","overlay-type":"","overlay-color":"","overlay-opacity":"","overlay-gradient":""},"tablet":{"background-color":"var(--ast-global-color-4)","background-image":"","background-repeat":"repeat","background-position":"center center","background-size":"auto","background-attachment":"scroll","background-type":"","background-media":"","overlay-type":"","overlay-color":"","overlay-opacity":"","overlay-gradient":""},"mobile":{"background-color":"var(--ast-global-color-4)","background-image":"","background-repeat":"repeat","background-position":"center center","background-size":"auto","background-attachment":"scroll","background-type":"","background-media":"","overlay-type":"","overlay-color":"","overlay-opacity":"","overlay-gradient":""}},"footnotes":""},"class_list":["post-205","page","type-page","status-publish","hentry"],"_links":{"self":[{"href":"https:\/\/ferienhaus-zwutschgerl.at\/index.php?rest_route=\/wp\/v2\/pages\/205","targetHints":{"allow":["GET"]}}],"collection":[{"href":"https:\/\/ferienhaus-zwutschgerl.at\/index.php?rest_route=\/wp\/v2\/pages"}],"about":[{"href":"https:\/\/ferienhaus-zwutschgerl.at\/index.php?rest_route=\/wp\/v2\/types\/page"}],"author":[{"embeddable":true,"href":"https:\/\/ferienhaus-zwutschgerl.at\/index.php?rest_route=\/wp\/v2\/users\/2"}],"replies":[{"embeddable":true,"href":"https:\/\/ferienhaus-zwutschgerl.at\/index.php?rest_route=%2Fwp%2Fv2%2Fcomments&post=205"}],"version-history":[{"count":10,"href":"https:\/\/ferienhaus-zwutschgerl.at\/index.php?rest_route=\/wp\/v2\/pages\/205\/revisions"}],"predecessor-version":[{"id":820,"href":"https:\/\/ferienhaus-zwutschgerl.at\/index.php?rest_route=\/wp\/v2\/pages\/205\/revisions\/820"}],"wp:attachment":[{"href":"https:\/\/ferienhaus-zwutschgerl.at\/index.php?rest_route=%2Fwp%2Fv2%2Fmedia&parent=205"}],"curies":[{"name":"wp","href":"https:\/\/api.w.org\/{rel}","templated":true}]}}