{"id":22,"date":"2025-10-31T20:20:32","date_gmt":"2025-10-31T19:20:32","guid":{"rendered":"http:\/\/ferienhaus-zwutschgerl.at\/?page_id=22"},"modified":"2026-01-09T12:30:36","modified_gmt":"2026-01-09T11:30:36","slug":"start","status":"publish","type":"page","link":"https:\/\/ferienhaus-zwutschgerl.at\/","title":{"rendered":"Start"},"content":{"rendered":"\t\t<div data-elementor-type=\"wp-page\" data-elementor-id=\"22\" class=\"elementor elementor-22\" data-elementor-post-type=\"page\">\n\t\t\t\t<div class=\"elementor-element elementor-element-6f177c9 e-flex e-con-boxed e-con e-parent\" data-id=\"6f177c9\" data-element_type=\"container\">\n\t\t\t\t\t<div class=\"e-con-inner\">\n\t\t\t\t\t\t\t<h1 class=\"e-6e6966d-b94c7fd e-heading-base\"  >\n\t\t\tFerienhaus in Altm\u00fcnster am Traunsee \u2013 Urlaub mit Hund\n\t\t<\/h1>\n\t\t\t\t\t<\/div>\n\t\t\t\t<\/div>\n\t\t<div class=\"elementor-element elementor-element-a4fe5e4 e-flex e-con-boxed e-con e-parent\" data-id=\"a4fe5e4\" data-element_type=\"container\">\n\t\t\t\t\t<div class=\"e-con-inner\">\n\t\t\t\t<div class=\"elementor-element elementor-element-96e0b2b elementor-drop-cap-yes elementor-drop-cap-view-default elementor-widget elementor-widget-text-editor\" data-id=\"96e0b2b\" data-element_type=\"widget\" data-settings=\"{&quot;drop_cap&quot;:&quot;yes&quot;}\" data-widget_type=\"text-editor.default\">\n\t\t\t\t\t\t\t\t\t<p data-start=\"1186\" data-end=\"1663\">Das moderne Ferienhaus in Altm\u00fcnster am Traunsee liegt in einem sch\u00f6n begr\u00fcnten Garten, umschlossen von einer Hecke und einem Zaun. Das Haus ist geschmackvoll eingerichtet. F\u00fcr einen Urlaub im Ferienhaus mit Hund ist die Lage besonders angenehm, denn nahe am Haus befindet sich ein W\u00e4ldchen f\u00fcr den t\u00e4glichen Hundegang. Haus und Garten stehen zu Ihrer alleinigen Nutzung. Sie haben einen eigenen Parkplatz auf dem Grundst\u00fcck und einen \u00fcberdachten Fahrradabstellplatz.<\/p><p data-start=\"1670\" data-end=\"1995\">Wir haben das Haus mit viel Liebe zum Detail gestaltet. Es ist modern ausgestattet und enth\u00e4lt dennoch einige landestypische Elemente. Wir wollen eine authentische Wohnatmosph\u00e4re schaffen, die regionale Bez\u00fcge erkennen l\u00e4sst. Sie werden bei Ihrer Anreise immer frische Blumen in der Vase vorfinden, die Sie willkommen hei\u00dfen.<\/p>\t\t\t\t\t\t\t\t<\/div>\n\t\t\t\t\t<\/div>\n\t\t\t\t<\/div>\n\t\t<div class=\"elementor-element elementor-element-7ab6a1f e-flex e-con-boxed e-con e-parent\" data-id=\"7ab6a1f\" data-element_type=\"container\">\n\t\t\t\t\t<div class=\"e-con-inner\">\n\t\t\t\t<div class=\"elementor-element elementor-element-5f36345 elementor-widget elementor-widget-text-editor\" data-id=\"5f36345\" data-element_type=\"widget\" data-widget_type=\"text-editor.default\">\n\t\t\t\t\t\t\t\t\t<p>G\u00e4stestimmen<\/p>\t\t\t\t\t\t\t\t<\/div>\n\t\t\t\t\t<\/div>\n\t\t\t\t<\/div>\n\t\t<div class=\"elementor-element elementor-element-7dd9dd7 e-grid e-con-boxed e-con e-parent\" data-id=\"7dd9dd7\" data-element_type=\"container\">\n\t\t\t\t\t<div class=\"e-con-inner\">\n\t\t\t\t<div class=\"elementor-element elementor-element-19f7135 elementor-widget elementor-widget-text-editor\" data-id=\"19f7135\" data-element_type=\"widget\" data-widget_type=\"text-editor.default\">\n\t\t\t\t\t\t\t\t\t<blockquote><p><strong>\u201e<\/strong>Wir hatten eine sehr sch\u00f6ne Woche in der kleinen, aber sehr feinen Unterkunft. Unseren beiden Kindern hat vor allem der Garten und das \u201eKinderzimmer\u201c viel Freude bereitet. Der Kontakt zur Vermieterin und zur Unterkunftsbetreuerin waren nett, freundlich und sehr zuvorkommend.\u201c<\/p><p>\u00a0(Jana-Marie, Januar 2025)<\/p><\/blockquote>\t\t\t\t\t\t\t\t<\/div>\n\t\t\t\t<div class=\"elementor-element elementor-element-266cfc6 elementor-widget elementor-widget-text-editor\" data-id=\"266cfc6\" data-element_type=\"widget\" data-widget_type=\"text-editor.default\">\n\t\t\t\t\t\t\t\t\t<blockquote><p>\u201eWir hatten einen wunderbaren Aufenthalt! Das Haus ist wundersch\u00f6n und der Garten ist herrlich zum Entspannen. Der Hund war ebenfalls begeistert :)\u201c<\/p><p>(Jessy 2024)<\/p><\/blockquote>\t\t\t\t\t\t\t\t<\/div>\n\t\t\t\t<div class=\"elementor-element elementor-element-79d0c26 elementor-widget elementor-widget-text-editor\" data-id=\"79d0c26\" data-element_type=\"widget\" data-widget_type=\"text-editor.default\">\n\t\t\t\t\t\t\t\t\t<blockquote><p>\u201eWunderbare Unterkunft, perfekte Lage, mehr kann man sich nicht w\u00fcnschen! Wir haben es geliebt!&#8220;<\/p><p>(Jelle 2025)<\/p><\/blockquote>\t\t\t\t\t\t\t\t<\/div>\n\t\t\t\t\t<\/div>\n\t\t\t\t<\/div>\n\t\t\t\t<\/div>\n\t\t","protected":false},"excerpt":{"rendered":"<p>Ferienhaus in Altm\u00fcnster am Traunsee \u2013 Urlaub mit Hund Das moderne Ferienhaus in Altm\u00fcnster am Traunsee liegt in einem sch\u00f6n [&hellip;]<\/p>\n","protected":false},"author":2,"featured_media":0,"parent":0,"menu_order":0,"comment_status":"closed","ping_status":"closed","template":"elementor_theme","meta":{"site-sidebar-layout":"default","site-content-layout":"","ast-site-content-layout":"default","site-content-style":"default","site-sidebar-style":"default","ast-global-header-display":"","ast-banner-title-visibility":"","ast-main-header-display":"","ast-hfb-above-header-display":"","ast-hfb-below-header-display":"","ast-hfb-mobile-header-display":"","site-post-title":"","ast-breadcrumbs-content":"","ast-featured-img":"","footer-sml-layout":"","theme-transparent-header-meta":"","adv-header-id-meta":"","stick-header-meta":"","header-above-stick-meta":"","header-main-stick-meta":"","header-below-stick-meta":"","astra-migrate-meta-layouts":"default","ast-page-background-enabled":"default","ast-page-background-meta":{"desktop":{"background-color":"var(--ast-global-color-5)","background-image":"","background-repeat":"repeat","background-position":"center center","background-size":"auto","background-attachment":"scroll","background-type":"","background-media":"","overlay-type":"","overlay-color":"","overlay-opacity":"","overlay-gradient":""},"tablet":{"background-color":"","background-image":"","background-repeat":"repeat","background-position":"center center","background-size":"auto","background-attachment":"scroll","background-type":"","background-media":"","overlay-type":"","overlay-color":"","overlay-opacity":"","overlay-gradient":""},"mobile":{"background-color":"","background-image":"","background-repeat":"repeat","background-position":"center center","background-size":"auto","background-attachment":"scroll","background-type":"","background-media":"","overlay-type":"","overlay-color":"","overlay-opacity":"","overlay-gradient":""}},"ast-content-background-meta":{"desktop":{"background-color":"var(--ast-global-color-4)","background-image":"","background-repeat":"repeat","background-position":"center center","background-size":"auto","background-attachment":"scroll","background-type":"","background-media":"","overlay-type":"","overlay-color":"","overlay-opacity":"","overlay-gradient":""},"tablet":{"background-color":"var(--ast-global-color-4)","background-image":"","background-repeat":"repeat","background-position":"center center","background-size":"auto","background-attachment":"scroll","background-type":"","background-media":"","overlay-type":"","overlay-color":"","overlay-opacity":"","overlay-gradient":""},"mobile":{"background-color":"var(--ast-global-color-4)","background-image":"","background-repeat":"repeat","background-position":"center center","background-size":"auto","background-attachment":"scroll","background-type":"","background-media":"","overlay-type":"","overlay-color":"","overlay-opacity":"","overlay-gradient":""}},"footnotes":""},"class_list":["post-22","page","type-page","status-publish","hentry"],"_links":{"self":[{"href":"https:\/\/ferienhaus-zwutschgerl.at\/index.php?rest_route=\/wp\/v2\/pages\/22","targetHints":{"allow":["GET"]}}],"collection":[{"href":"https:\/\/ferienhaus-zwutschgerl.at\/index.php?rest_route=\/wp\/v2\/pages"}],"about":[{"href":"https:\/\/ferienhaus-zwutschgerl.at\/index.php?rest_route=\/wp\/v2\/types\/page"}],"author":[{"embeddable":true,"href":"https:\/\/ferienhaus-zwutschgerl.at\/index.php?rest_route=\/wp\/v2\/users\/2"}],"replies":[{"embeddable":true,"href":"https:\/\/ferienhaus-zwutschgerl.at\/index.php?rest_route=%2Fwp%2Fv2%2Fcomments&post=22"}],"version-history":[{"count":76,"href":"https:\/\/ferienhaus-zwutschgerl.at\/index.php?rest_route=\/wp\/v2\/pages\/22\/revisions"}],"predecessor-version":[{"id":848,"href":"https:\/\/ferienhaus-zwutschgerl.at\/index.php?rest_route=\/wp\/v2\/pages\/22\/revisions\/848"}],"wp:attachment":[{"href":"https:\/\/ferienhaus-zwutschgerl.at\/index.php?rest_route=%2Fwp%2Fv2%2Fmedia&parent=22"}],"curies":[{"name":"wp","href":"https:\/\/api.w.org\/{rel}","templated":true}]}}