{"id":490,"date":"2025-12-28T08:04:02","date_gmt":"2025-12-28T07:04:02","guid":{"rendered":"https:\/\/ferienhaus-zwutschgerl.at\/?page_id=490"},"modified":"2026-01-06T18:29:56","modified_gmt":"2026-01-06T17:29:56","slug":"winterzauber","status":"publish","type":"page","link":"https:\/\/ferienhaus-zwutschgerl.at\/?page_id=490","title":{"rendered":"Winterzauber"},"content":{"rendered":"\t\t<div data-elementor-type=\"wp-page\" data-elementor-id=\"490\" class=\"elementor elementor-490\" data-elementor-post-type=\"page\">\n\t\t\t\t<div class=\"elementor-element elementor-element-2b3c817a e-flex e-con-boxed e-con e-parent\" data-id=\"2b3c817a\" data-element_type=\"container\">\n\t\t\t\t\t<div class=\"e-con-inner\">\n\t\t\t\t\t\t\t<h2 class=\"e-heading-base\"  >\n\t\t\tErlebnistage: Nur wir zwei (und unser Hund)\n\n\n\t\t<\/h2>\n\t\t\t\t\t\t\t<h3 class=\"e-heading-base\"  >\n\t\t\tWinterzauber am Traunsee\n\t\t<\/h3>\n\t\t<div class=\"elementor-element elementor-element-25432e2 e-con-full e-flex e-con e-child\" data-id=\"25432e2\" data-element_type=\"container\">\n\t\t\t\t<\/div>\n\t\t\t\t\t<\/div>\n\t\t\t\t<\/div>\n\t\t<div class=\"elementor-element elementor-element-7e3ef6fe e-flex e-con-boxed e-con e-parent\" data-id=\"7e3ef6fe\" data-element_type=\"container\">\n\t\t\t\t\t<div class=\"e-con-inner\">\n\t\t<div class=\"elementor-element elementor-element-23893667 e-con-full e-flex e-con e-child\" data-id=\"23893667\" data-element_type=\"container\">\n\t\t\t\t\t\t\t\n\t\t<img class=\"e-image-base e-e75c3ce-2e17848\"  \n\t\t\t\t\t\t\t\t\tid=\"494\"\n\t\t\t\t\t\t\t\t\t\t\t\tsrc=\"https:\/\/ferienhaus-zwutschgerl.at\/wp-content\/uploads\/2025\/12\/winterzauber1-1.jpg\"\n\t\t\t\t\t\t\t\t\t\t\t\twidth=\"450\"\n\t\t\t\t\t\t\t\t\t\t\t\theight=\"300\"\n\t\t\t\t\t\t\t\t\t\t\t\tsrcset=\"https:\/\/ferienhaus-zwutschgerl.at\/wp-content\/uploads\/2025\/12\/winterzauber1-1.jpg 450w, https:\/\/ferienhaus-zwutschgerl.at\/wp-content\/uploads\/2025\/12\/winterzauber1-1-300x200.jpg 300w\"\n\t\t\t\t\t\t\t\t\t\t\t\talt=\"\"\n\t\t\t\t\t\t\/>\n\t\t\t\t\t<\/div>\n\t\t<div class=\"elementor-element elementor-element-350e95c3 e-con-full e-flex e-con e-child\" data-id=\"350e95c3\" data-element_type=\"container\">\n\t\t\t\t<div class=\"elementor-element elementor-element-7841b966 elementor-widget elementor-widget-text-editor\" data-id=\"7841b966\" data-element_type=\"widget\" data-widget_type=\"text-editor.default\">\n\t\t\t\t\t\t\t\t\t<p><strong>Termine im Januar: <\/strong><\/p><ul><li><strong>23.01. \u2013 25.01.26<\/strong><\/li><\/ul><p><strong>Termine im Februar: <\/strong><\/p><ul><li><strong>06.02. \u2013 08.02.26<\/strong><\/li><li><strong>20.02. \u2013 22.02.26<\/strong><\/li><li><strong>27.02. \u2013 01.03.26<\/strong><\/li><\/ul><p>Anreisetag ist Freitag und Abreisetag ist Sonntag.<\/p>\t\t\t\t\t\t\t\t<\/div>\n\t\t\t\t<\/div>\n\t\t<div class=\"elementor-element elementor-element-4fa8ae2a e-con-full e-flex e-con e-child\" data-id=\"4fa8ae2a\" data-element_type=\"container\">\n\t\t\t\t\t\t\t\n\t\t<img class=\"e-image-base e-6af36359-7a10d75\"  \n\t\t\t\t\t\t\t\t\tid=\"533\"\n\t\t\t\t\t\t\t\t\t\t\t\tsrc=\"https:\/\/ferienhaus-zwutschgerl.at\/wp-content\/uploads\/2025\/12\/Gedicht-WMann.png\"\n\t\t\t\t\t\t\t\t\t\t\t\twidth=\"1024\"\n\t\t\t\t\t\t\t\t\t\t\t\theight=\"1536\"\n\t\t\t\t\t\t\t\t\t\t\t\tsrcset=\"https:\/\/ferienhaus-zwutschgerl.at\/wp-content\/uploads\/2025\/12\/Gedicht-WMann.png 1024w, https:\/\/ferienhaus-zwutschgerl.at\/wp-content\/uploads\/2025\/12\/Gedicht-WMann-200x300.png 200w, https:\/\/ferienhaus-zwutschgerl.at\/wp-content\/uploads\/2025\/12\/Gedicht-WMann-683x1024.png 683w, https:\/\/ferienhaus-zwutschgerl.at\/wp-content\/uploads\/2025\/12\/Gedicht-WMann-768x1152.png 768w\"\n\t\t\t\t\t\t\t\t\t\t\t\talt=\"\"\n\t\t\t\t\t\t\/>\n\t\t\t\t\t<\/div>\n\t\t\t\t\t<\/div>\n\t\t\t\t<\/div>\n\t\t<div class=\"elementor-element elementor-element-6324c3d4 e-con-full e-flex e-con e-parent\" data-id=\"6324c3d4\" data-element_type=\"container\">\n\t\t<div class=\"elementor-element elementor-element-43e296a5 e-con-full e-flex e-con e-child\" data-id=\"43e296a5\" data-element_type=\"container\">\n\t\t\t\t<div class=\"elementor-element elementor-element-72508c70 elementor-widget elementor-widget-text-editor\" data-id=\"72508c70\" data-element_type=\"widget\" data-widget_type=\"text-editor.default\">\n\t\t\t\t\t\t\t\t\t<p><strong>Die Schmankerl des Hauses<\/strong>:<\/p><ul><li>Zwei Flaschen guter \u00f6sterreichischen Wein mit dem Erinnerungsetikett \u201eZwutschgerl\u201c<\/li><li>Eine feine S\u00fc\u00dfigkeit: Pralinen von der Traditionskonditorei Grellinger, Gmunden<\/li><\/ul><p><strong>Erlebnisvorschl\u00e4ge f\u00fcr den Samstag:<\/strong><\/p><ul><li>Besuch von Schloss Ort in Gmunden und Spaziergang durch den Toskanapark<\/li><li>Rundweg auf dem Grasberg (mit Einkehrm\u00f6glichkeit im Gasthof Reschenwirt)<\/li><li>Seilbahnfahrt ab Ebensee auf den Feuerkogel (alpines Erleben) \u2013 Spazierweg\/Schneeschuhverleih auf gespurten Wegen (bitte vorab bei der Seilbahn nachfragen)<\/li><li>H\u00f6henwanderweg vom Kronberg (Parkplatz auf der H\u00f6he) zum Almgasthof Schwarz, Kasten 32, 4861 Aurach, T. 0043(0)7622-2012, Dauer ca. 1 Stunde<\/li><li>Feuerkogel (Seilbahn in Ebensee) \u2013 gespurte Wege auf dem Hochplateau -Schneeschuhverleih (bitte bei der Seilbahn vorab nachfragen)<\/li><li>Rundweg Offensee (bei Ebensee) \u2013 wundersch\u00f6ner ebener Weg (ca. 1 Stunde)<\/li><li>Langbathseen (bei Ebensee), zwei sehr reizvolle Seen, die einzeln oder im Doppelpack umrundet werden k\u00f6nnen<\/li><li>Ausflugsgasthof Hochsteinalm, 4801 Traunkirchen, T. 0043(0)664-9875221, entspannt zu erwandern \u00fcber die Forststra\u00dfe, Parkplatz am M\u00fchlbachberg (ca. 60 Minuten Gehweg)<\/li><\/ul>\t\t\t\t\t\t\t\t<\/div>\n\t\t\t\t<\/div>\n\t\t\t\t<\/div>\n\t\t<div class=\"elementor-element elementor-element-2e3b6b68 e-flex e-con-boxed e-con e-parent\" data-id=\"2e3b6b68\" data-element_type=\"container\">\n\t\t\t\t\t<div class=\"e-con-inner\">\n\t\t\t\t<div class=\"elementor-element elementor-element-6775a843 elementor-widget elementor-widget-text-editor\" data-id=\"6775a843\" data-element_type=\"widget\" data-widget_type=\"text-editor.default\">\n\t\t\t\t\t\t\t\t\t<p><strong>Der Vierbeiner darf immer dabei sein oder auf der komfortablen Hundedecke schlummern.<\/strong><\/p><p><strong>Preis<\/strong> inklusive aller Verbrauchskosten, W\u00e4sche, Reinigung und Lebensmittel: 500,00 \u20ac<\/p>\t\t\t\t\t\t\t\t<\/div>\n\t\t\t\t\t<\/div>\n\t\t\t\t<\/div>\n\t\t\t\t<\/div>\n\t\t","protected":false},"excerpt":{"rendered":"<p>Erlebnistage: Nur wir zwei (und unser Hund) Winterzauber am Traunsee Termine im Januar: 23.01. \u2013 25.01.26 Termine im Februar: 06.02. [&hellip;]<\/p>\n","protected":false},"author":2,"featured_media":0,"parent":0,"menu_order":0,"comment_status":"closed","ping_status":"closed","template":"","meta":{"site-sidebar-layout":"no-sidebar","site-content-layout":"","ast-site-content-layout":"full-width-container","site-content-style":"default","site-sidebar-style":"default","ast-global-header-display":"","ast-banner-title-visibility":"","ast-main-header-display":"","ast-hfb-above-header-display":"","ast-hfb-below-header-display":"","ast-hfb-mobile-header-display":"","site-post-title":"","ast-breadcrumbs-content":"","ast-featured-img":"disabled","footer-sml-layout":"","theme-transparent-header-meta":"","adv-header-id-meta":"","stick-header-meta":"","header-above-stick-meta":"","header-main-stick-meta":"","header-below-stick-meta":"","astra-migrate-meta-layouts":"default","ast-page-background-enabled":"default","ast-page-background-meta":{"desktop":{"background-color":"var(--ast-global-color-5)","background-image":"","background-repeat":"repeat","background-position":"center center","background-size":"auto","background-attachment":"scroll","background-type":"","background-media":"","overlay-type":"","overlay-color":"","overlay-opacity":"","overlay-gradient":""},"tablet":{"background-color":"","background-image":"","background-repeat":"repeat","background-position":"center center","background-size":"auto","background-attachment":"scroll","background-type":"","background-media":"","overlay-type":"","overlay-color":"","overlay-opacity":"","overlay-gradient":""},"mobile":{"background-color":"","background-image":"","background-repeat":"repeat","background-position":"center center","background-size":"auto","background-attachment":"scroll","background-type":"","background-media":"","overlay-type":"","overlay-color":"","overlay-opacity":"","overlay-gradient":""}},"ast-content-background-meta":{"desktop":{"background-color":"var(--ast-global-color-4)","background-image":"","background-repeat":"repeat","background-position":"center center","background-size":"auto","background-attachment":"scroll","background-type":"","background-media":"","overlay-type":"","overlay-color":"","overlay-opacity":"","overlay-gradient":""},"tablet":{"background-color":"var(--ast-global-color-4)","background-image":"","background-repeat":"repeat","background-position":"center center","background-size":"auto","background-attachment":"scroll","background-type":"","background-media":"","overlay-type":"","overlay-color":"","overlay-opacity":"","overlay-gradient":""},"mobile":{"background-color":"var(--ast-global-color-4)","background-image":"","background-repeat":"repeat","background-position":"center center","background-size":"auto","background-attachment":"scroll","background-type":"","background-media":"","overlay-type":"","overlay-color":"","overlay-opacity":"","overlay-gradient":""}},"footnotes":""},"class_list":["post-490","page","type-page","status-publish","hentry"],"_links":{"self":[{"href":"https:\/\/ferienhaus-zwutschgerl.at\/index.php?rest_route=\/wp\/v2\/pages\/490","targetHints":{"allow":["GET"]}}],"collection":[{"href":"https:\/\/ferienhaus-zwutschgerl.at\/index.php?rest_route=\/wp\/v2\/pages"}],"about":[{"href":"https:\/\/ferienhaus-zwutschgerl.at\/index.php?rest_route=\/wp\/v2\/types\/page"}],"author":[{"embeddable":true,"href":"https:\/\/ferienhaus-zwutschgerl.at\/index.php?rest_route=\/wp\/v2\/users\/2"}],"replies":[{"embeddable":true,"href":"https:\/\/ferienhaus-zwutschgerl.at\/index.php?rest_route=%2Fwp%2Fv2%2Fcomments&post=490"}],"version-history":[{"count":37,"href":"https:\/\/ferienhaus-zwutschgerl.at\/index.php?rest_route=\/wp\/v2\/pages\/490\/revisions"}],"predecessor-version":[{"id":780,"href":"https:\/\/ferienhaus-zwutschgerl.at\/index.php?rest_route=\/wp\/v2\/pages\/490\/revisions\/780"}],"wp:attachment":[{"href":"https:\/\/ferienhaus-zwutschgerl.at\/index.php?rest_route=%2Fwp%2Fv2%2Fmedia&parent=490"}],"curies":[{"name":"wp","href":"https:\/\/api.w.org\/{rel}","templated":true}]}}