{"id":589,"date":"2025-12-28T09:25:19","date_gmt":"2025-12-28T08:25:19","guid":{"rendered":"https:\/\/ferienhaus-zwutschgerl.at\/?page_id=589"},"modified":"2026-01-06T18:37:00","modified_gmt":"2026-01-06T17:37:00","slug":"fetzenfasching","status":"publish","type":"page","link":"https:\/\/ferienhaus-zwutschgerl.at\/?page_id=589","title":{"rendered":"Fetzenfasching"},"content":{"rendered":"\t\t<div data-elementor-type=\"wp-page\" data-elementor-id=\"589\" class=\"elementor elementor-589\" data-elementor-post-type=\"page\">\n\t\t\t\t<div class=\"elementor-element elementor-element-699a3773 e-flex e-con-boxed e-con e-parent\" data-id=\"699a3773\" data-element_type=\"container\">\n\t\t\t\t\t<div class=\"e-con-inner\">\n\t\t\t\t\t\t\t<h2 class=\"e-heading-base\"  >\n\t\t\tErlebnistage: Nur wir zwei (und unser Hund)\n\t\t<\/h2>\n\t\t\t\t\t\t\t<h3 class=\"e-heading-base\"  >\n\t\t\tFetzenfasching in Ebensee\n\t\t<\/h3>\n\t\t\t\t\t<\/div>\n\t\t\t\t<\/div>\n\t\t<div class=\"elementor-element elementor-element-68b9b194 e-flex e-con-boxed e-con e-parent\" data-id=\"68b9b194\" data-element_type=\"container\">\n\t\t\t\t\t<div class=\"e-con-inner\">\n\t\t<div class=\"elementor-element elementor-element-d628281 e-con-full e-flex e-con e-child\" data-id=\"d628281\" data-element_type=\"container\">\n\t\t\t\t\t\t\t\n\t\t<img class=\"e-image-base e-0855e69-c24d189\"  \n\t\t\t\t\t\t\t\t\tid=\"605\"\n\t\t\t\t\t\t\t\t\t\t\t\tsrc=\"https:\/\/ferienhaus-zwutschgerl.at\/wp-content\/uploads\/2025\/12\/Fetzenfasching1.png\"\n\t\t\t\t\t\t\t\t\t\t\t\twidth=\"800\"\n\t\t\t\t\t\t\t\t\t\t\t\theight=\"533\"\n\t\t\t\t\t\t\t\t\t\t\t\tsrcset=\"\"\n\t\t\t\t\t\t\t\t\t\t\t\talt=\"\"\n\t\t\t\t\t\t\/>\n\t\t\t\t\t<\/div>\n\t\t<div class=\"elementor-element elementor-element-68d4f492 e-con-full e-flex e-con e-child\" data-id=\"68d4f492\" data-element_type=\"container\">\n\t\t\t\t<div class=\"elementor-element elementor-element-44e0ebdb elementor-widget elementor-widget-text-editor\" data-id=\"44e0ebdb\" data-element_type=\"widget\" data-widget_type=\"text-editor.default\">\n\t\t\t\t\t\t\t\t\t<p><strong>Termin: <\/strong><\/p><ul><li>14.02.26 bis 17.02.26<\/li><\/ul><p>(Samstag bis Dienstag)<\/p>\t\t\t\t\t\t\t\t<\/div>\n\t\t\t\t<\/div>\n\t\t<div class=\"elementor-element elementor-element-52a1a344 e-con-full e-flex e-con e-child\" data-id=\"52a1a344\" data-element_type=\"container\">\n\t\t\t\t\t\t\t\n\t\t<img class=\"e-image-base e-435a82de-cc6411b\"  \n\t\t\t\t\t\t\t\t\tid=\"609\"\n\t\t\t\t\t\t\t\t\t\t\t\tsrc=\"https:\/\/ferienhaus-zwutschgerl.at\/wp-content\/uploads\/2026\/01\/Fetzenfasching2.png\"\n\t\t\t\t\t\t\t\t\t\t\t\twidth=\"665\"\n\t\t\t\t\t\t\t\t\t\t\t\theight=\"374\"\n\t\t\t\t\t\t\t\t\t\t\t\tsrcset=\"https:\/\/ferienhaus-zwutschgerl.at\/wp-content\/uploads\/2026\/01\/Fetzenfasching2.png 665w, https:\/\/ferienhaus-zwutschgerl.at\/wp-content\/uploads\/2026\/01\/Fetzenfasching2-300x169.png 300w\"\n\t\t\t\t\t\t\t\t\t\t\t\talt=\"\"\n\t\t\t\t\t\t\/>\n\t\t\t\t\t<\/div>\n\t\t\t\t\t<\/div>\n\t\t\t\t<\/div>\n\t\t<div class=\"elementor-element elementor-element-4327ef55 e-con-full e-flex e-con e-parent\" data-id=\"4327ef55\" data-element_type=\"container\">\n\t\t<div class=\"elementor-element elementor-element-2f1ba8bd e-con-full e-flex e-con e-child\" data-id=\"2f1ba8bd\" data-element_type=\"container\">\n\t\t\t\t<div class=\"elementor-element elementor-element-4afa9f3e elementor-widget elementor-widget-text-editor\" data-id=\"4afa9f3e\" data-element_type=\"widget\" data-widget_type=\"text-editor.default\">\n\t\t\t\t\t\t\t\t\t<p><strong>Ebenseer Fetzenzug<\/strong><\/p><p>Der ber\u00fchmte Fasching in Ober\u00f6sterreich hat den lokalen Beinamen \u201eEbenseer Nationalfeiertage\u201c &#8211; ein Ausnahmezustand im ganzen Ort. Seinen H\u00f6hepunkt erreicht das Treiben am Rosenmontag. Die Narren in ihren kunstvoll geschnitzten Holzmasken in Verbindung mit den bunten Lumpenkost\u00fcmen nehmen den ganzen Ort in Besitz und legen das \u00f6ffentliche Leben lahm. Die meist einheimischen Teilnehmer tragen dabei ein Kost\u00fcm, das aus genannten \u201eFetzn\u201c &#8211; viele bunte Stoffreste &#8211; hergestellt ist, sowie eine aus Holz geschnitzte Maske, \u201eLoafn\u201c genannt.<\/p><p><strong>Ihre Erlebnistage:<\/strong><\/p><ul><li>Samstag, den 14.02.2026 &#8211; Anreise<\/li><li>Sonntag, den 15.02.2026 &#8211; Ihr Genuss- und Ausflugtag<\/li><li>Montag, den 16.02.2026 &#8211; Das Erlebnis \u201eFetzenzug\u201c<\/li><li>Dienstag, den 17.02.2026 &#8211; Entspannte Heimreise<\/li><\/ul>\t\t\t\t\t\t\t\t<\/div>\n\t\t\t\t<\/div>\n\t\t\t\t<\/div>\n\t\t<div class=\"elementor-element elementor-element-0593512 e-flex e-con-boxed e-con e-parent\" data-id=\"0593512\" data-element_type=\"container\">\n\t\t\t\t\t<div class=\"e-con-inner\">\n\t\t<div class=\"elementor-element elementor-element-28d038c e-con-full e-flex e-con e-child\" data-id=\"28d038c\" data-element_type=\"container\">\n\t\t\t\t<div class=\"elementor-element elementor-element-abd440d elementor-widget elementor-widget-text-editor\" data-id=\"abd440d\" data-element_type=\"widget\" data-widget_type=\"text-editor.default\">\n\t\t\t\t\t\t\t\t\t<p><strong>Die Schmankerl des Hauses<\/strong>:<\/p><ul><li>Zwei Flaschen guter \u00f6sterreichischen Wein mit dem Erinnerungsetikett \u201eZwutschgerl\u201c<\/li><li>Eine feine S\u00fc\u00dfigkeit: Pralinen von der Traditionskonditorei Grellinger, Gmunden<\/li><\/ul><p><strong>Vorschl\u00e4ge f\u00fcr ein Erlebnis am Sonntag:<\/strong><\/p><ul><li>Rundweg Offensee (bei Ebensee) \u2013 wundersch\u00f6ner ebener Weg (ca. 1 Stunde)<\/li><li>Langbathseen (bei Ebensee), zwei sehr reizvolle Seen, die einzeln oder im Doppelpack umrundet werden k\u00f6nnen<\/li><li>Gasthof Hochsteinalm, 4801 Traunkirchen, T. 0043(0)664-9875221, entspannt zu erwandern \u00fcber die Forststra\u00dfe, Parkplatz am M\u00fchlbachberg (ca. 60 Minuten Gehweg) \u2013 im Winter ggf. mit dem Schlitten hinunterfahren (Ausleihe oben)<\/li><li>Schloss Ort in Gmunden und Spazierweg durch den Toskana Park<\/li><\/ul><p><strong>Fetzenumzug in Ebensee am Montag, den 16.02.2026<\/strong><\/p><p>Bitte warm anziehen und rechtzeitig anfahren, nach Ebensee ggf. den Zug nehmen.<\/p><ul><li>Der Fetzenzug beginnt traditionellerweise am Gasthaus Kohlstatt, Langbathstra\u00dfe, und f\u00fchrt durch den Ort bis zum Rathausplatz. \u00dcbliche Umzugszeiten sind von 15.00 bis 18.00 Uhr<\/li><\/ul><p>Am <strong>Dienstag<\/strong>, den 17.02.2026 ausschlafen und entspannt nach Hause fahren<\/p>\t\t\t\t\t\t\t\t<\/div>\n\t\t\t\t<\/div>\n\t\t\t\t\t<\/div>\n\t\t\t\t<\/div>\n\t\t<div class=\"elementor-element elementor-element-1d6f6e2a e-flex e-con-boxed e-con e-parent\" data-id=\"1d6f6e2a\" data-element_type=\"container\">\n\t\t\t\t\t<div class=\"e-con-inner\">\n\t\t\t\t<div class=\"elementor-element elementor-element-68a20356 elementor-widget elementor-widget-text-editor\" data-id=\"68a20356\" data-element_type=\"widget\" data-widget_type=\"text-editor.default\">\n\t\t\t\t\t\t\t\t\t<p><strong>Der Vierbeiner darf immer dabei sein oder auf der komfortablen Hundedecke schlummern.<\/strong><strong>\u00a0<\/strong><\/p><p><strong>Preis<\/strong> inklusiv aller Verbrauchskosten (W\u00e4sche und Reinigung) sowie und der Schmankerl des Hauses: 570,00 \u20ac<\/p>\t\t\t\t\t\t\t\t<\/div>\n\t\t\t\t\t<\/div>\n\t\t\t\t<\/div>\n\t\t\t\t<\/div>\n\t\t","protected":false},"excerpt":{"rendered":"<p>Erlebnistage: Nur wir zwei (und unser Hund) Fetzenfasching in Ebensee Termin: 14.02.26 bis 17.02.26 (Samstag bis Dienstag) Ebenseer Fetzenzug Der [&hellip;]<\/p>\n","protected":false},"author":2,"featured_media":0,"parent":0,"menu_order":0,"comment_status":"closed","ping_status":"closed","template":"","meta":{"site-sidebar-layout":"no-sidebar","site-content-layout":"","ast-site-content-layout":"full-width-container","site-content-style":"default","site-sidebar-style":"default","ast-global-header-display":"","ast-banner-title-visibility":"","ast-main-header-display":"","ast-hfb-above-header-display":"","ast-hfb-below-header-display":"","ast-hfb-mobile-header-display":"","site-post-title":"","ast-breadcrumbs-content":"","ast-featured-img":"disabled","footer-sml-layout":"","theme-transparent-header-meta":"","adv-header-id-meta":"","stick-header-meta":"","header-above-stick-meta":"","header-main-stick-meta":"","header-below-stick-meta":"","astra-migrate-meta-layouts":"default","ast-page-background-enabled":"default","ast-page-background-meta":{"desktop":{"background-color":"var(--ast-global-color-5)","background-image":"","background-repeat":"repeat","background-position":"center center","background-size":"auto","background-attachment":"scroll","background-type":"","background-media":"","overlay-type":"","overlay-color":"","overlay-opacity":"","overlay-gradient":""},"tablet":{"background-color":"","background-image":"","background-repeat":"repeat","background-position":"center center","background-size":"auto","background-attachment":"scroll","background-type":"","background-media":"","overlay-type":"","overlay-color":"","overlay-opacity":"","overlay-gradient":""},"mobile":{"background-color":"","background-image":"","background-repeat":"repeat","background-position":"center center","background-size":"auto","background-attachment":"scroll","background-type":"","background-media":"","overlay-type":"","overlay-color":"","overlay-opacity":"","overlay-gradient":""}},"ast-content-background-meta":{"desktop":{"background-color":"var(--ast-global-color-4)","background-image":"","background-repeat":"repeat","background-position":"center center","background-size":"auto","background-attachment":"scroll","background-type":"","background-media":"","overlay-type":"","overlay-color":"","overlay-opacity":"","overlay-gradient":""},"tablet":{"background-color":"var(--ast-global-color-4)","background-image":"","background-repeat":"repeat","background-position":"center center","background-size":"auto","background-attachment":"scroll","background-type":"","background-media":"","overlay-type":"","overlay-color":"","overlay-opacity":"","overlay-gradient":""},"mobile":{"background-color":"var(--ast-global-color-4)","background-image":"","background-repeat":"repeat","background-position":"center center","background-size":"auto","background-attachment":"scroll","background-type":"","background-media":"","overlay-type":"","overlay-color":"","overlay-opacity":"","overlay-gradient":""}},"footnotes":""},"class_list":["post-589","page","type-page","status-publish","hentry"],"_links":{"self":[{"href":"https:\/\/ferienhaus-zwutschgerl.at\/index.php?rest_route=\/wp\/v2\/pages\/589","targetHints":{"allow":["GET"]}}],"collection":[{"href":"https:\/\/ferienhaus-zwutschgerl.at\/index.php?rest_route=\/wp\/v2\/pages"}],"about":[{"href":"https:\/\/ferienhaus-zwutschgerl.at\/index.php?rest_route=\/wp\/v2\/types\/page"}],"author":[{"embeddable":true,"href":"https:\/\/ferienhaus-zwutschgerl.at\/index.php?rest_route=\/wp\/v2\/users\/2"}],"replies":[{"embeddable":true,"href":"https:\/\/ferienhaus-zwutschgerl.at\/index.php?rest_route=%2Fwp%2Fv2%2Fcomments&post=589"}],"version-history":[{"count":16,"href":"https:\/\/ferienhaus-zwutschgerl.at\/index.php?rest_route=\/wp\/v2\/pages\/589\/revisions"}],"predecessor-version":[{"id":792,"href":"https:\/\/ferienhaus-zwutschgerl.at\/index.php?rest_route=\/wp\/v2\/pages\/589\/revisions\/792"}],"wp:attachment":[{"href":"https:\/\/ferienhaus-zwutschgerl.at\/index.php?rest_route=%2Fwp%2Fv2%2Fmedia&parent=589"}],"curies":[{"name":"wp","href":"https:\/\/api.w.org\/{rel}","templated":true}]}}