{"id":617,"date":"2026-01-02T15:55:06","date_gmt":"2026-01-02T14:55:06","guid":{"rendered":"https:\/\/ferienhaus-zwutschgerl.at\/?page_id=617"},"modified":"2026-01-06T18:38:16","modified_gmt":"2026-01-06T17:38:16","slug":"fruehlingserwachen-am-traunsee","status":"publish","type":"page","link":"https:\/\/ferienhaus-zwutschgerl.at\/?page_id=617","title":{"rendered":"Fr\u00fchlingserwachen am Traunsee"},"content":{"rendered":"\t\t<div data-elementor-type=\"wp-page\" data-elementor-id=\"617\" class=\"elementor elementor-617\" data-elementor-post-type=\"page\">\n\t\t\t\t<div class=\"elementor-element elementor-element-7b91246b e-flex e-con-boxed e-con e-parent\" data-id=\"7b91246b\" data-element_type=\"container\">\n\t\t\t\t\t<div class=\"e-con-inner\">\n\t\t\t\t\t\t\t<h2 class=\"e-heading-base\"  >\n\t\t\tErlebnistage: Nur wir zwei (und unser Hund)\n\t\t<\/h2>\n\t\t\t\t\t\t\t<h3 class=\"e-heading-base\"  >\n\t\t\tFr\u00fchlingserwachen am Traunsee \u2013 Will dir den Fr\u00fchling zeigen\n\t\t<\/h3>\n\t\t\t\t\t<\/div>\n\t\t\t\t<\/div>\n\t\t<div class=\"elementor-element elementor-element-59dce13d e-flex e-con-boxed e-con e-parent\" data-id=\"59dce13d\" data-element_type=\"container\">\n\t\t\t\t\t<div class=\"e-con-inner\">\n\t\t<div class=\"elementor-element elementor-element-3292d4ab e-con-full e-flex e-con e-child\" data-id=\"3292d4ab\" data-element_type=\"container\">\n\t\t\t\t\t\t\t\n\t\t<img class=\"e-image-base e-712a8bb4-d246977\"  \n\t\t\t\t\t\t\t\t\tid=\"620\"\n\t\t\t\t\t\t\t\t\t\t\t\tsrc=\"https:\/\/ferienhaus-zwutschgerl.at\/wp-content\/uploads\/2026\/01\/Fruehling1.jpg\"\n\t\t\t\t\t\t\t\t\t\t\t\twidth=\"575\"\n\t\t\t\t\t\t\t\t\t\t\t\theight=\"505\"\n\t\t\t\t\t\t\t\t\t\t\t\tsrcset=\"https:\/\/ferienhaus-zwutschgerl.at\/wp-content\/uploads\/2026\/01\/Fruehling1.jpg 575w, https:\/\/ferienhaus-zwutschgerl.at\/wp-content\/uploads\/2026\/01\/Fruehling1-300x263.jpg 300w\"\n\t\t\t\t\t\t\t\t\t\t\t\talt=\"\"\n\t\t\t\t\t\t\/>\n\t\t\t\t\t<\/div>\n\t\t<div class=\"elementor-element elementor-element-555b4729 e-con-full e-flex e-con e-child\" data-id=\"555b4729\" data-element_type=\"container\">\n\t\t\t\t<div class=\"elementor-element elementor-element-2d41ab4c elementor-widget elementor-widget-text-editor\" data-id=\"2d41ab4c\" data-element_type=\"widget\" data-widget_type=\"text-editor.default\">\n\t\t\t\t\t\t\t\t\t<p style=\"text-align: center;\"><strong>\u00a0Termine: <\/strong><\/p><ul><li><strong>06.03 \u2013 8.03.2026 <\/strong><\/li><li><strong>13. 03. \u2013 15.03.2026<\/strong><\/li><li><strong>27.03. \u2013 29.03.2026<\/strong><\/li><\/ul><p style=\"text-align: center;\">Anreisetag ist Freitag und\u00a0 Abreisetag ist Sonntag (Variationen sind m\u00f6glich.)<\/p>\t\t\t\t\t\t\t\t<\/div>\n\t\t\t\t<\/div>\n\t\t<div class=\"elementor-element elementor-element-347e392d e-con-full e-flex e-con e-child\" data-id=\"347e392d\" data-element_type=\"container\">\n\t\t\t\t\t\t\t\n\t\t<img class=\"e-image-base e-1e059d3-e6b1f2e\"  \n\t\t\t\t\t\t\t\t\tid=\"621\"\n\t\t\t\t\t\t\t\t\t\t\t\tsrc=\"https:\/\/ferienhaus-zwutschgerl.at\/wp-content\/uploads\/2026\/01\/GedichtFruehling.png\"\n\t\t\t\t\t\t\t\t\t\t\t\twidth=\"1024\"\n\t\t\t\t\t\t\t\t\t\t\t\theight=\"1536\"\n\t\t\t\t\t\t\t\t\t\t\t\tsrcset=\"https:\/\/ferienhaus-zwutschgerl.at\/wp-content\/uploads\/2026\/01\/GedichtFruehling.png 1024w, https:\/\/ferienhaus-zwutschgerl.at\/wp-content\/uploads\/2026\/01\/GedichtFruehling-200x300.png 200w, https:\/\/ferienhaus-zwutschgerl.at\/wp-content\/uploads\/2026\/01\/GedichtFruehling-683x1024.png 683w, https:\/\/ferienhaus-zwutschgerl.at\/wp-content\/uploads\/2026\/01\/GedichtFruehling-768x1152.png 768w\"\n\t\t\t\t\t\t\t\t\t\t\t\talt=\"\"\n\t\t\t\t\t\t\/>\n\t\t\t\t\t<\/div>\n\t\t\t\t\t<\/div>\n\t\t\t\t<\/div>\n\t\t<div class=\"elementor-element elementor-element-4a6b5185 e-con-full e-flex e-con e-parent\" data-id=\"4a6b5185\" data-element_type=\"container\">\n\t\t<div class=\"elementor-element elementor-element-ceb7cf3 e-con-full e-flex e-con e-child\" data-id=\"ceb7cf3\" data-element_type=\"container\">\n\t\t<div class=\"elementor-element elementor-element-7206652 e-con-full e-flex e-con e-child\" data-id=\"7206652\" data-element_type=\"container\">\n\t\t\t\t\t\t\t\n\t\t<img class=\"e-image-base e-d969a8b-5998a72\"  \n\t\t\t\t\t\t\t\t\tid=\"622\"\n\t\t\t\t\t\t\t\t\t\t\t\tsrc=\"https:\/\/ferienhaus-zwutschgerl.at\/wp-content\/uploads\/2026\/01\/Fruehling2.jpg\"\n\t\t\t\t\t\t\t\t\t\t\t\twidth=\"1024\"\n\t\t\t\t\t\t\t\t\t\t\t\theight=\"768\"\n\t\t\t\t\t\t\t\t\t\t\t\tsrcset=\"https:\/\/ferienhaus-zwutschgerl.at\/wp-content\/uploads\/2026\/01\/Fruehling2.jpg 1024w, https:\/\/ferienhaus-zwutschgerl.at\/wp-content\/uploads\/2026\/01\/Fruehling2-300x225.jpg 300w, https:\/\/ferienhaus-zwutschgerl.at\/wp-content\/uploads\/2026\/01\/Fruehling2-768x576.jpg 768w\"\n\t\t\t\t\t\t\t\t\t\t\t\talt=\"\"\n\t\t\t\t\t\t\/>\n\t\t\t\t\t<\/div>\n\t\t\t\t<\/div>\n\t\t<div class=\"elementor-element elementor-element-6dbd3de7 e-con-full e-flex e-con e-child\" data-id=\"6dbd3de7\" data-element_type=\"container\">\n\t\t\t\t<div class=\"elementor-element elementor-element-4d3783c elementor-widget elementor-widget-text-editor\" data-id=\"4d3783c\" data-element_type=\"widget\" data-widget_type=\"text-editor.default\">\n\t\t\t\t\t\t\t\t\t<p><strong>Die Schmankerl des Hauses<\/strong>:<\/p><ul><li>Zwei Flaschen guter \u00f6sterreichischen Wein mit dem Erinnerungsetikett \u201eZwutschgerl\u201c<\/li><li>Eine feine S\u00fc\u00dfigkeit: Pralinen von der Traditionskonditorei Grellinger, Gmunden<\/li><\/ul><p><strong>Vorschl\u00e4ge f\u00fcr einen Ausflug in die Fr\u00fchlingsnatur:<\/strong><\/p><ul><li>H\u00f6henwanderweg vom Kronberg (Parkplatz auf der H\u00f6he) zum Almgasthof Schwarz, Kasten 32, 4861 Aurach, T. 0043(0)7622-2012, Dauer ca. 1 Stunde<\/li><li>Rundweg Offensee (bei Ebensee) \u2013 wundersch\u00f6ner ebener Weg (ca. 1 Stunde)<\/li><li>Langbathseen (bei Ebensee), zwei sehr reizvolle Seen, die einzeln oder im Doppelpack umrundet werden k\u00f6nnen (1-2 Stunden)<\/li><li>Ausflugsgasthof Hochsteinalm, 4801 Traunkirchen, T. 0043(0)664-9875221, entspannt zu erwandern \u00fcber die Forststra\u00dfe, Parkplatz am M\u00fchlbachberg (ca. 60 Minuten Gehweg)<\/li><li>Schloss Ort in Gmunden und Spazierweg durch den Toscana Park<\/li><li>Gmunden, Seilbahn auf den Gr\u00fcnberg, voraussichtlich ab Ende M\u00e4rz in Betrieb \u2013 fast ebener Weg bis zum Laudachsee (ca. 1 Stunde)<\/li><li>Zellerlweg (\u00fcber die Elisabethruhe): Anfahrt bis Traunkirchen Bahnhof, hier \u00fcber die Stra\u00dfe bis zur Br\u00fccke, dort dann den kleinen Weg (Einstieg und kurzer Anstieg) hinaufgehen. Der Weg f\u00fchrt durch den Wald (fast eben) mit netten Aussichtspunkten bis Traunkirchen Ort gehen (Ortsbegehung, Seepromenade) \u2013 R\u00fcckfahrt mit dem Bus oder Zug<\/li><\/ul>\t\t\t\t\t\t\t\t<\/div>\n\t\t\t\t<\/div>\n\t\t\t\t<\/div>\n\t\t<div class=\"elementor-element elementor-element-6ec1e61c e-flex e-con-boxed e-con e-parent\" data-id=\"6ec1e61c\" data-element_type=\"container\">\n\t\t\t\t\t<div class=\"e-con-inner\">\n\t\t\t\t<div class=\"elementor-element elementor-element-683299a3 elementor-widget elementor-widget-text-editor\" data-id=\"683299a3\" data-element_type=\"widget\" data-widget_type=\"text-editor.default\">\n\t\t\t\t\t\t\t\t\t<p><strong>Der Vierbeiner darf immer dabei sein oder auf der komfortablen Hundedecke schlummern.<\/strong><strong>\u00a0<\/strong><\/p><p><strong>Preis<\/strong> inklusiv aller Verbrauchskosten (W\u00e4sche und Reinigung) sowie und der Schmankerl des Hauses: 500,00 \u20ac<\/p>\t\t\t\t\t\t\t\t<\/div>\n\t\t\t\t\t<\/div>\n\t\t\t\t<\/div>\n\t\t\t\t<\/div>\n\t\t","protected":false},"excerpt":{"rendered":"<p>Erlebnistage: Nur wir zwei (und unser Hund) Fr\u00fchlingserwachen am Traunsee \u2013 Will dir den Fr\u00fchling zeigen \u00a0Termine: 06.03 \u2013 8.03.2026 [&hellip;]<\/p>\n","protected":false},"author":2,"featured_media":0,"parent":0,"menu_order":0,"comment_status":"closed","ping_status":"closed","template":"","meta":{"site-sidebar-layout":"no-sidebar","site-content-layout":"","ast-site-content-layout":"full-width-container","site-content-style":"default","site-sidebar-style":"default","ast-global-header-display":"","ast-banner-title-visibility":"","ast-main-header-display":"","ast-hfb-above-header-display":"","ast-hfb-below-header-display":"","ast-hfb-mobile-header-display":"","site-post-title":"","ast-breadcrumbs-content":"","ast-featured-img":"disabled","footer-sml-layout":"","theme-transparent-header-meta":"","adv-header-id-meta":"","stick-header-meta":"","header-above-stick-meta":"","header-main-stick-meta":"","header-below-stick-meta":"","astra-migrate-meta-layouts":"default","ast-page-background-enabled":"default","ast-page-background-meta":{"desktop":{"background-color":"var(--ast-global-color-5)","background-image":"","background-repeat":"repeat","background-position":"center center","background-size":"auto","background-attachment":"scroll","background-type":"","background-media":"","overlay-type":"","overlay-color":"","overlay-opacity":"","overlay-gradient":""},"tablet":{"background-color":"","background-image":"","background-repeat":"repeat","background-position":"center center","background-size":"auto","background-attachment":"scroll","background-type":"","background-media":"","overlay-type":"","overlay-color":"","overlay-opacity":"","overlay-gradient":""},"mobile":{"background-color":"","background-image":"","background-repeat":"repeat","background-position":"center center","background-size":"auto","background-attachment":"scroll","background-type":"","background-media":"","overlay-type":"","overlay-color":"","overlay-opacity":"","overlay-gradient":""}},"ast-content-background-meta":{"desktop":{"background-color":"var(--ast-global-color-4)","background-image":"","background-repeat":"repeat","background-position":"center center","background-size":"auto","background-attachment":"scroll","background-type":"","background-media":"","overlay-type":"","overlay-color":"","overlay-opacity":"","overlay-gradient":""},"tablet":{"background-color":"var(--ast-global-color-4)","background-image":"","background-repeat":"repeat","background-position":"center center","background-size":"auto","background-attachment":"scroll","background-type":"","background-media":"","overlay-type":"","overlay-color":"","overlay-opacity":"","overlay-gradient":""},"mobile":{"background-color":"var(--ast-global-color-4)","background-image":"","background-repeat":"repeat","background-position":"center center","background-size":"auto","background-attachment":"scroll","background-type":"","background-media":"","overlay-type":"","overlay-color":"","overlay-opacity":"","overlay-gradient":""}},"footnotes":""},"class_list":["post-617","page","type-page","status-publish","hentry"],"_links":{"self":[{"href":"https:\/\/ferienhaus-zwutschgerl.at\/index.php?rest_route=\/wp\/v2\/pages\/617","targetHints":{"allow":["GET"]}}],"collection":[{"href":"https:\/\/ferienhaus-zwutschgerl.at\/index.php?rest_route=\/wp\/v2\/pages"}],"about":[{"href":"https:\/\/ferienhaus-zwutschgerl.at\/index.php?rest_route=\/wp\/v2\/types\/page"}],"author":[{"embeddable":true,"href":"https:\/\/ferienhaus-zwutschgerl.at\/index.php?rest_route=\/wp\/v2\/users\/2"}],"replies":[{"embeddable":true,"href":"https:\/\/ferienhaus-zwutschgerl.at\/index.php?rest_route=%2Fwp%2Fv2%2Fcomments&post=617"}],"version-history":[{"count":7,"href":"https:\/\/ferienhaus-zwutschgerl.at\/index.php?rest_route=\/wp\/v2\/pages\/617\/revisions"}],"predecessor-version":[{"id":795,"href":"https:\/\/ferienhaus-zwutschgerl.at\/index.php?rest_route=\/wp\/v2\/pages\/617\/revisions\/795"}],"wp:attachment":[{"href":"https:\/\/ferienhaus-zwutschgerl.at\/index.php?rest_route=%2Fwp%2Fv2%2Fmedia&parent=617"}],"curies":[{"name":"wp","href":"https:\/\/api.w.org\/{rel}","templated":true}]}}