{"id":627,"date":"2026-01-02T16:11:18","date_gmt":"2026-01-02T15:11:18","guid":{"rendered":"https:\/\/ferienhaus-zwutschgerl.at\/?page_id=627"},"modified":"2026-01-02T16:15:23","modified_gmt":"2026-01-02T15:15:23","slug":"liebstattsonntag","status":"publish","type":"page","link":"https:\/\/ferienhaus-zwutschgerl.at\/?page_id=627","title":{"rendered":"Liebstattsonntag"},"content":{"rendered":"\t\t<div data-elementor-type=\"wp-page\" data-elementor-id=\"627\" class=\"elementor elementor-627\" data-elementor-post-type=\"page\">\n\t\t\t\t<div class=\"elementor-element elementor-element-5b3dc1de e-flex e-con-boxed e-con e-parent\" data-id=\"5b3dc1de\" data-element_type=\"container\">\n\t\t\t\t\t<div class=\"e-con-inner\">\n\t\t\t\t\t\t\t<h2 class=\"e-heading-base\"  >\n\t\t\tErlebnistage: Nur wir zwei (und unser Hund)\n\t\t<\/h2>\n\t\t\t\t\t\t\t<h3 class=\"e-heading-base\"  >\n\t\t\tLiebstattsonntag in Gmunden \u2013 Lass uns in Liebe verbunden sein!\n\t\t<\/h3>\n\t\t\t\t\t<\/div>\n\t\t\t\t<\/div>\n\t\t<div class=\"elementor-element elementor-element-582f3733 e-flex e-con-boxed e-con e-parent\" data-id=\"582f3733\" data-element_type=\"container\">\n\t\t\t\t\t<div class=\"e-con-inner\">\n\t\t<div class=\"elementor-element elementor-element-48656f76 e-con-full e-flex e-con e-child\" data-id=\"48656f76\" data-element_type=\"container\">\n\t\t\t\t\t\t\t\n\t\t<img class=\"e-image-base e-51249481-5793d9f\"  \n\t\t\t\t\t\t\t\t\tid=\"630\"\n\t\t\t\t\t\t\t\t\t\t\t\tsrc=\"https:\/\/ferienhaus-zwutschgerl.at\/wp-content\/uploads\/2026\/01\/liebstatt1.jpg\"\n\t\t\t\t\t\t\t\t\t\t\t\twidth=\"800\"\n\t\t\t\t\t\t\t\t\t\t\t\theight=\"600\"\n\t\t\t\t\t\t\t\t\t\t\t\tsrcset=\"https:\/\/ferienhaus-zwutschgerl.at\/wp-content\/uploads\/2026\/01\/liebstatt1.jpg 800w, https:\/\/ferienhaus-zwutschgerl.at\/wp-content\/uploads\/2026\/01\/liebstatt1-300x225.jpg 300w, https:\/\/ferienhaus-zwutschgerl.at\/wp-content\/uploads\/2026\/01\/liebstatt1-768x576.jpg 768w\"\n\t\t\t\t\t\t\t\t\t\t\t\talt=\"\"\n\t\t\t\t\t\t\/>\n\t\t\t\t\t<\/div>\n\t\t<div class=\"elementor-element elementor-element-6cae7295 e-con-full e-flex e-con e-child\" data-id=\"6cae7295\" data-element_type=\"container\">\n\t\t\t\t<div class=\"elementor-element elementor-element-17bec77a elementor-widget elementor-widget-text-editor\" data-id=\"17bec77a\" data-element_type=\"widget\" data-widget_type=\"text-editor.default\">\n\t\t\t\t\t\t\t\t\t<p style=\"text-align: center;\"><strong>Termin: <br \/><\/strong>22.03.2026<\/p><p style=\"text-align: center;\">Anreise ist am Samstag, den 21.03.2026 und Abreise am Montag, den 22.03.2026<\/p>\t\t\t\t\t\t\t\t<\/div>\n\t\t\t\t<\/div>\n\t\t<div class=\"elementor-element elementor-element-4c98e416 e-con-full e-flex e-con e-child\" data-id=\"4c98e416\" data-element_type=\"container\">\n\t\t\t\t\t\t\t\n\t\t<img class=\"e-image-base e-1b7801da-625b16f\"  \n\t\t\t\t\t\t\t\t\tid=\"631\"\n\t\t\t\t\t\t\t\t\t\t\t\tsrc=\"https:\/\/ferienhaus-zwutschgerl.at\/wp-content\/uploads\/2026\/01\/liebstatt2.png\"\n\t\t\t\t\t\t\t\t\t\t\t\twidth=\"800\"\n\t\t\t\t\t\t\t\t\t\t\t\theight=\"600\"\n\t\t\t\t\t\t\t\t\t\t\t\tsrcset=\"\"\n\t\t\t\t\t\t\t\t\t\t\t\talt=\"\"\n\t\t\t\t\t\t\/>\n\t\t\t\t\t<\/div>\n\t\t\t\t\t<\/div>\n\t\t\t\t<\/div>\n\t\t<div class=\"elementor-element elementor-element-21ce626b e-con-full e-flex e-con e-parent\" data-id=\"21ce626b\" data-element_type=\"container\">\n\t\t<div class=\"elementor-element elementor-element-26a8746a e-con-full e-flex e-con e-child\" data-id=\"26a8746a\" data-element_type=\"container\">\n\t\t\t\t<div class=\"elementor-element elementor-element-2be8b49a elementor-widget elementor-widget-text-editor\" data-id=\"2be8b49a\" data-element_type=\"widget\" data-widget_type=\"text-editor.default\">\n\t\t\t\t\t\t\t\t\t<p><strong>Brauchtum und Zauber des Liebstattsonntags \u2013 Ein Tag, auch im Zeichen der Tracht<\/strong><\/p><p>Liebst\u00f6ckl ist eine traditionell bekannte Heilpflanze. Man hat ihr allerlei Heilkr\u00e4fte zugeschrieben. Aus der Wurzel hat man auch Liebesgetr\u00e4nke gebraut und \u201eM\u00e4dchen trugen das Kraut unter dem Mieder\u201c, um den Liebsten an sich zu binden. Sp\u00e4ter hat das Liebst\u00f6cklkraut Eingang in die Maggi-W\u00fcrze gefunden. &#8211; Am Liebstattsonntag heute werden jedoch die von den Konditoren gebackenen und verzierten Liebstattherzen verkauft. Der Brauch ist, dieses Herz an einen Menschen zu verschenken, dem man seine Liebe zeigen m\u00f6chte.<\/p><p>Der Liebstattsonntag in Gmunden wird jedes Jahr am vierten Fastensonntag begangen. Die beiden Gmundner Trachtenvereine sowie die Goldhauben- und Kopftuchgruppe treffen sich zum Kirchgang in der Stadtpfarrkirche. Im Anschluss daran formiert sich ein Festzug mit Musikkapelle, der zum Rathausplatz marschiert. Nach einer kurzen Begr\u00fc\u00dfung und Erkl\u00e4rung des Brauchs verschenken die Vereinsmitglieder verzierte Lebkuchenherzen an die Bev\u00f6lkerung und G\u00e4ste. Gmunden feiert den Brauch erweitert mit ge\u00f6ffneten Gesch\u00e4ften, Fahrten mit der Traunseetram und einem Gewinnspiel<\/p><p><strong>Die Schmankerl des Hauses<\/strong>:<\/p><ul><li>Zwei Flaschen guter \u00f6sterreichischen Wein mit dem Erinnerungsetikett \u201eZwutschgerl\u201c<\/li><li>Eine feine S\u00fc\u00dfigkeit: Pralinen von der Traditionskonditorei Grellinger, Gmunden<\/li><\/ul><p><strong>Erlebnisangebot f\u00fcr Sonntag, den 22.03.26 \u2013 Liebstattsonntag<\/strong><\/p><ul><li>Teilnahme an den Feierlichkeiten in Gmunden<\/li><li>Schloss Ort und Spaziergang durch den Toskana Park<\/li><\/ul>\t\t\t\t\t\t\t\t<\/div>\n\t\t\t\t<\/div>\n\t\t\t\t<\/div>\n\t\t<div class=\"elementor-element elementor-element-5bed9d02 e-flex e-con-boxed e-con e-parent\" data-id=\"5bed9d02\" data-element_type=\"container\">\n\t\t\t\t\t<div class=\"e-con-inner\">\n\t\t\t\t<div class=\"elementor-element elementor-element-1c187508 elementor-widget elementor-widget-text-editor\" data-id=\"1c187508\" data-element_type=\"widget\" data-widget_type=\"text-editor.default\">\n\t\t\t\t\t\t\t\t\t<p><strong>Der Vierbeiner darf immer dabei sein oder auf der komfortablen Hundedecke schlummern.<\/strong><strong>\u00a0<\/strong><\/p><p><strong>Preis<\/strong> inklusiv aller Verbrauchskosten (W\u00e4sche und Reinigung) sowie und der Schmankerl des Hauses: 500,00 \u20ac<\/p>\t\t\t\t\t\t\t\t<\/div>\n\t\t\t\t\t<\/div>\n\t\t\t\t<\/div>\n\t\t\t\t<\/div>\n\t\t","protected":false},"excerpt":{"rendered":"<p>Erlebnistage: Nur wir zwei (und unser Hund) Liebstattsonntag in Gmunden \u2013 Lass uns in Liebe verbunden sein! Termin: 22.03.2026 Anreise [&hellip;]<\/p>\n","protected":false},"author":2,"featured_media":0,"parent":0,"menu_order":0,"comment_status":"closed","ping_status":"closed","template":"","meta":{"site-sidebar-layout":"no-sidebar","site-content-layout":"","ast-site-content-layout":"full-width-container","site-content-style":"default","site-sidebar-style":"default","ast-global-header-display":"","ast-banner-title-visibility":"","ast-main-header-display":"","ast-hfb-above-header-display":"","ast-hfb-below-header-display":"","ast-hfb-mobile-header-display":"","site-post-title":"","ast-breadcrumbs-content":"","ast-featured-img":"disabled","footer-sml-layout":"","theme-transparent-header-meta":"","adv-header-id-meta":"","stick-header-meta":"","header-above-stick-meta":"","header-main-stick-meta":"","header-below-stick-meta":"","astra-migrate-meta-layouts":"default","ast-page-background-enabled":"default","ast-page-background-meta":{"desktop":{"background-color":"var(--ast-global-color-5)","background-image":"","background-repeat":"repeat","background-position":"center center","background-size":"auto","background-attachment":"scroll","background-type":"","background-media":"","overlay-type":"","overlay-color":"","overlay-opacity":"","overlay-gradient":""},"tablet":{"background-color":"","background-image":"","background-repeat":"repeat","background-position":"center center","background-size":"auto","background-attachment":"scroll","background-type":"","background-media":"","overlay-type":"","overlay-color":"","overlay-opacity":"","overlay-gradient":""},"mobile":{"background-color":"","background-image":"","background-repeat":"repeat","background-position":"center center","background-size":"auto","background-attachment":"scroll","background-type":"","background-media":"","overlay-type":"","overlay-color":"","overlay-opacity":"","overlay-gradient":""}},"ast-content-background-meta":{"desktop":{"background-color":"var(--ast-global-color-4)","background-image":"","background-repeat":"repeat","background-position":"center center","background-size":"auto","background-attachment":"scroll","background-type":"","background-media":"","overlay-type":"","overlay-color":"","overlay-opacity":"","overlay-gradient":""},"tablet":{"background-color":"var(--ast-global-color-4)","background-image":"","background-repeat":"repeat","background-position":"center center","background-size":"auto","background-attachment":"scroll","background-type":"","background-media":"","overlay-type":"","overlay-color":"","overlay-opacity":"","overlay-gradient":""},"mobile":{"background-color":"var(--ast-global-color-4)","background-image":"","background-repeat":"repeat","background-position":"center center","background-size":"auto","background-attachment":"scroll","background-type":"","background-media":"","overlay-type":"","overlay-color":"","overlay-opacity":"","overlay-gradient":""}},"footnotes":""},"class_list":["post-627","page","type-page","status-publish","hentry"],"_links":{"self":[{"href":"https:\/\/ferienhaus-zwutschgerl.at\/index.php?rest_route=\/wp\/v2\/pages\/627","targetHints":{"allow":["GET"]}}],"collection":[{"href":"https:\/\/ferienhaus-zwutschgerl.at\/index.php?rest_route=\/wp\/v2\/pages"}],"about":[{"href":"https:\/\/ferienhaus-zwutschgerl.at\/index.php?rest_route=\/wp\/v2\/types\/page"}],"author":[{"embeddable":true,"href":"https:\/\/ferienhaus-zwutschgerl.at\/index.php?rest_route=\/wp\/v2\/users\/2"}],"replies":[{"embeddable":true,"href":"https:\/\/ferienhaus-zwutschgerl.at\/index.php?rest_route=%2Fwp%2Fv2%2Fcomments&post=627"}],"version-history":[{"count":4,"href":"https:\/\/ferienhaus-zwutschgerl.at\/index.php?rest_route=\/wp\/v2\/pages\/627\/revisions"}],"predecessor-version":[{"id":634,"href":"https:\/\/ferienhaus-zwutschgerl.at\/index.php?rest_route=\/wp\/v2\/pages\/627\/revisions\/634"}],"wp:attachment":[{"href":"https:\/\/ferienhaus-zwutschgerl.at\/index.php?rest_route=%2Fwp%2Fv2%2Fmedia&parent=627"}],"curies":[{"name":"wp","href":"https:\/\/api.w.org\/{rel}","templated":true}]}}