{"id":692,"date":"2026-01-05T16:15:17","date_gmt":"2026-01-05T15:15:17","guid":{"rendered":"https:\/\/ferienhaus-zwutschgerl.at\/?page_id=692"},"modified":"2026-01-09T12:52:18","modified_gmt":"2026-01-09T11:52:18","slug":"impressum","status":"publish","type":"page","link":"https:\/\/ferienhaus-zwutschgerl.at\/?page_id=692","title":{"rendered":"Impressum"},"content":{"rendered":"\t\t<div data-elementor-type=\"wp-page\" data-elementor-id=\"692\" class=\"elementor elementor-692\" data-elementor-post-type=\"page\">\n\t\t\t\t<div class=\"elementor-element elementor-element-92cbd99 e-flex e-con-boxed e-con e-parent\" data-id=\"92cbd99\" data-element_type=\"container\">\n\t\t\t\t\t<div class=\"e-con-inner\">\n\t\t\t\t\t\t\t<h2 class=\"e-heading-base\"  >\n\t\t\tImpressum\n\t\t<\/h2>\n\t\t\t\t\t<\/div>\n\t\t\t\t<\/div>\n\t\t<div class=\"elementor-element elementor-element-136bc6c e-flex e-con-boxed e-con e-parent\" data-id=\"136bc6c\" data-element_type=\"container\">\n\t\t\t\t\t<div class=\"e-con-inner\">\n\t\t\t\t<div class=\"elementor-element elementor-element-8f0587e elementor-widget elementor-widget-text-editor\" data-id=\"8f0587e\" data-element_type=\"widget\" data-widget_type=\"text-editor.default\">\n\t\t\t\t\t\t\t\t\t<p data-start=\"636\" data-end=\"649\"><strong data-start=\"636\" data-end=\"649\">Impressum<\/strong><\/p><p data-start=\"651\" data-end=\"707\">Angaben gem\u00e4\u00df \u00a7 5 ECG und \u00a7 25 Mediengesetz (\u00d6sterreich)<\/p><p data-start=\"709\" data-end=\"765\"><strong data-start=\"709\" data-end=\"737\">Betreiberin der Website:<\/strong><\/p><p data-start=\"816\" data-end=\"889\">Hella Blum &#8211; vom Ende<br data-start=\"835\" data-end=\"838\" \/>Badener Stra\u00dfe 27<br data-start=\"855\" data-end=\"858\" \/>33659 Bielefeld<br data-start=\"873\" data-end=\"876\" \/>Deutschland<\/p><p data-start=\"891\" data-end=\"960\">E-Mail: <a class=\"decorated-link cursor-pointer\" rel=\"noopener\" data-start=\"899\" data-end=\"929\">info@ferienhaus-zwutschgerl.at<\/a><\/p><p data-start=\"878\" data-end=\"1044\"><strong data-start=\"878\" data-end=\"900\">Art der T\u00e4tigkeit:<\/strong><br data-start=\"900\" data-end=\"903\" \/>Vermietung eines privaten Ferienhauses in Altm\u00fcnster am Traunsee, \u00d6sterreich.<br data-start=\"980\" data-end=\"983\" \/>Kein eingetragenes Unternehmen, private Ferienhausvermietung.<\/p><p data-start=\"1046\" data-end=\"1122\"><strong data-start=\"1046\" data-end=\"1085\">Umsatzsteuer-Identifikationsnummer: <\/strong>ATU 74242848<\/p><p data-start=\"1124\" data-end=\"1323\"><strong data-start=\"1124\" data-end=\"1148\">Haftung f\u00fcr Inhalte:<\/strong><br data-start=\"1148\" data-end=\"1151\" \/>Die Inhalte dieser Website wurden mit gr\u00f6\u00dftm\u00f6glicher Sorgfalt erstellt. F\u00fcr die Richtigkeit, Vollst\u00e4ndigkeit und Aktualit\u00e4t der Inhalte wird jedoch keine Gew\u00e4hr \u00fcbernommen.<\/p><p data-start=\"1325\" data-end=\"1511\"><strong data-start=\"1325\" data-end=\"1347\">Haftung f\u00fcr Links:<\/strong><br data-start=\"1347\" data-end=\"1350\" \/>Diese Website enth\u00e4lt Links zu externen Websites Dritter, auf deren Inhalte kein Einfluss besteht. F\u00fcr diese fremden Inhalte wird daher keine Haftung \u00fcbernommen.<\/p><p data-start=\"1513\" data-end=\"1821\"><strong data-start=\"1513\" data-end=\"1540\">Online-Streitbeilegung:<\/strong><br data-start=\"1540\" data-end=\"1543\" \/>Verbraucher haben die M\u00f6glichkeit, Beschwerden an die Online-Streitbeilegungsplattform der EU zu richten:<br data-start=\"1648\" data-end=\"1651\" \/><a class=\"decorated-link cursor-pointer\" target=\"_new\" rel=\"noopener\" data-start=\"1651\" data-end=\"1685\">https:\/\/ec.europa.eu\/consumers\/odr<\/a><br data-start=\"1685\" data-end=\"1688\" \/>Ich bin nicht verpflichtet und nicht bereit, an einem Streitbeilegungsverfahren vor einer Verbraucherschlichtungsstelle teilzunehmen.<\/p>\t\t\t\t\t\t\t\t<\/div>\n\t\t\t\t\t<\/div>\n\t\t\t\t<\/div>\n\t\t\t\t<\/div>\n\t\t","protected":false},"excerpt":{"rendered":"<p>Impressum Impressum Angaben gem\u00e4\u00df \u00a7 5 ECG und \u00a7 25 Mediengesetz (\u00d6sterreich) Betreiberin der Website: Hella Blum &#8211; vom EndeBadener [&hellip;]<\/p>\n","protected":false},"author":2,"featured_media":0,"parent":0,"menu_order":0,"comment_status":"closed","ping_status":"closed","template":"","meta":{"site-sidebar-layout":"no-sidebar","site-content-layout":"","ast-site-content-layout":"full-width-container","site-content-style":"default","site-sidebar-style":"default","ast-global-header-display":"","ast-banner-title-visibility":"","ast-main-header-display":"","ast-hfb-above-header-display":"","ast-hfb-below-header-display":"","ast-hfb-mobile-header-display":"","site-post-title":"","ast-breadcrumbs-content":"","ast-featured-img":"disabled","footer-sml-layout":"","theme-transparent-header-meta":"","adv-header-id-meta":"","stick-header-meta":"","header-above-stick-meta":"","header-main-stick-meta":"","header-below-stick-meta":"","astra-migrate-meta-layouts":"default","ast-page-background-enabled":"default","ast-page-background-meta":{"desktop":{"background-color":"var(--ast-global-color-5)","background-image":"","background-repeat":"repeat","background-position":"center center","background-size":"auto","background-attachment":"scroll","background-type":"","background-media":"","overlay-type":"","overlay-color":"","overlay-opacity":"","overlay-gradient":""},"tablet":{"background-color":"","background-image":"","background-repeat":"repeat","background-position":"center center","background-size":"auto","background-attachment":"scroll","background-type":"","background-media":"","overlay-type":"","overlay-color":"","overlay-opacity":"","overlay-gradient":""},"mobile":{"background-color":"","background-image":"","background-repeat":"repeat","background-position":"center center","background-size":"auto","background-attachment":"scroll","background-type":"","background-media":"","overlay-type":"","overlay-color":"","overlay-opacity":"","overlay-gradient":""}},"ast-content-background-meta":{"desktop":{"background-color":"var(--ast-global-color-4)","background-image":"","background-repeat":"repeat","background-position":"center center","background-size":"auto","background-attachment":"scroll","background-type":"","background-media":"","overlay-type":"","overlay-color":"","overlay-opacity":"","overlay-gradient":""},"tablet":{"background-color":"var(--ast-global-color-4)","background-image":"","background-repeat":"repeat","background-position":"center center","background-size":"auto","background-attachment":"scroll","background-type":"","background-media":"","overlay-type":"","overlay-color":"","overlay-opacity":"","overlay-gradient":""},"mobile":{"background-color":"var(--ast-global-color-4)","background-image":"","background-repeat":"repeat","background-position":"center center","background-size":"auto","background-attachment":"scroll","background-type":"","background-media":"","overlay-type":"","overlay-color":"","overlay-opacity":"","overlay-gradient":""}},"footnotes":""},"class_list":["post-692","page","type-page","status-publish","hentry"],"_links":{"self":[{"href":"https:\/\/ferienhaus-zwutschgerl.at\/index.php?rest_route=\/wp\/v2\/pages\/692","targetHints":{"allow":["GET"]}}],"collection":[{"href":"https:\/\/ferienhaus-zwutschgerl.at\/index.php?rest_route=\/wp\/v2\/pages"}],"about":[{"href":"https:\/\/ferienhaus-zwutschgerl.at\/index.php?rest_route=\/wp\/v2\/types\/page"}],"author":[{"embeddable":true,"href":"https:\/\/ferienhaus-zwutschgerl.at\/index.php?rest_route=\/wp\/v2\/users\/2"}],"replies":[{"embeddable":true,"href":"https:\/\/ferienhaus-zwutschgerl.at\/index.php?rest_route=%2Fwp%2Fv2%2Fcomments&post=692"}],"version-history":[{"count":19,"href":"https:\/\/ferienhaus-zwutschgerl.at\/index.php?rest_route=\/wp\/v2\/pages\/692\/revisions"}],"predecessor-version":[{"id":857,"href":"https:\/\/ferienhaus-zwutschgerl.at\/index.php?rest_route=\/wp\/v2\/pages\/692\/revisions\/857"}],"wp:attachment":[{"href":"https:\/\/ferienhaus-zwutschgerl.at\/index.php?rest_route=%2Fwp%2Fv2%2Fmedia&parent=692"}],"curies":[{"name":"wp","href":"https:\/\/api.w.org\/{rel}","templated":true}]}}